{"id":3815,"date":"2024-02-01T17:28:07","date_gmt":"2024-02-01T16:28:07","guid":{"rendered":"https:\/\/its-owl.de\/about-us\/this-is-its-owl\/"},"modified":"2025-11-10T09:43:01","modified_gmt":"2025-11-10T08:43:01","slug":"this-is-its-owl","status":"publish","type":"page","link":"https:\/\/its-owl.de\/en\/about-us\/this-is-its-owl\/","title":{"rendered":"Meet the cluster"},"content":{"rendered":"<h1>Meet the cluster<\/h1>\n<div class=\"introtext\">\n<p>Whether it&#8217;s the energy transition, a shortage of skilled workers, geopolitical changes or fragile supply chains &#8211; industry in Germany is facing major challenges. We offer solutions. it\u2019s OWL: the competence centre Industrie.Zero.<\/p>\n<\/div>\n<p>In the Leading-Edge Cluster it\u2019s OWL &#8211; Intelligent Technical Systems OstWestfalenLippe &#8211; over 220 companies, research institutions and organisations are developing solutions for intelligent products and processes so that companies can produce and work more sustainably.<\/p>\n<p>For more than ten years, it&#8217;s OWL has been developing solutions and applications in around 500 projects on topics such as artificial intelligence and intelligent product development, thus supporting companies with digitalisation. it&#8217;s OWL is building on its expertise as the largest initiative for Industry 4.0 and wants to make OstWestfalenLippe a model region for sustainable value creation as a &#8216;competence network for Industrie.Zero&#8217;.<\/p>\n<h2><span class=\"cyantext\">Who is part of our network?<\/span><\/h2>\n<p>Family-owned companies and a strong SME sector form the core of the network. These include numerous global market leaders: strong brands such as Benteler, Claas, Diebold Nixdorf, DMG Mori, Dr. Oetker, GEA, Hettich and Miele, but also many hidden champions such as Kannegiesser and WP Kemper. Beckhoff, Harting, KEB, Lenze, Phoenix Contact, Wago and Weidm\u00fcller set world standards in industrial electronics.<\/p>\n<p>The regional universities and research institutions stand for interdisciplinary cutting-edge research in areas such as artificial intelligence, industrial automation, future of work and systems engineering. More than 1,000 scientists are working on the solutions of tomorrow in four collaborative research centres, 18 research institutes and three Fraunhofer institutes.<\/p>\n<h2><span class=\"cyantext\">A bit of history&#8230;<\/span><\/h2>\n<p>it&#8217;s OWL was founded in 2012 after the Federal Ministry of Education and Research recognized it&#8217;s OWL as the winner of the Leading-Edge Cluster Competition. It was based on a strategy concept developed by Prof. Dr. J\u00fcrgen Gausemeier and coordinated by OstWestfalenLippe GmbH. <\/p>\n<p>The network has launched projects worth 200 million euros by 2023 to tap into the potential of AI for production, among other things.<\/p>\n<p>&nbsp;<\/p>\n<figure id=\"attachment_3099\" aria-describedby=\"caption-attachment-3099\" style=\"width: 1140px\" class=\"wp-caption aligncenter\"><img loading=\"lazy\" decoding=\"async\" class=\"wp-image-3098 size-large\" src=\"https:\/\/its-owl.de\/wp-content\/uploads\/2024\/04\/itsowl_Strategie_2024-1140x923.png\" alt=\"\" width=\"1140\" height=\"923\" srcset=\"https:\/\/its-owl.de\/wp-content\/uploads\/2024\/04\/itsowl_Strategie_2024-1140x923.png 1140w, https:\/\/its-owl.de\/wp-content\/uploads\/2024\/04\/itsowl_Strategie_2024-150x121.png 150w, https:\/\/its-owl.de\/wp-content\/uploads\/2024\/04\/itsowl_Strategie_2024-300x243.png 300w, https:\/\/its-owl.de\/wp-content\/uploads\/2024\/04\/itsowl_Strategie_2024-768x622.png 768w, https:\/\/its-owl.de\/wp-content\/uploads\/2024\/04\/itsowl_Strategie_2024.png 1240w\" sizes=\"auto, (max-width: 1140px) 100vw, 1140px\" \/><figcaption id=\"caption-attachment-3099\" class=\"wp-caption-text\">Goals of it&#8217;s OWL since the initiation in 2012.<\/figcaption><\/figure>\n<p>&nbsp;<\/p>\n<p>Since 2023, it&#8217;s OWL has been pursuing a dual strategy for sustainable value creation through Intelligent Technical Systems with &#8216;Industrie.Zero&#8217;.<\/p>\n<div class=\"infobox\">\n<p>Sustainable value creation through intelligent technical systems means that companies develop intelligent products for sustainable use and use intelligent production processes for sustainable value creation. Sustainability thus becomes the foundation for the company&#8217;s success. <\/p>\n<\/div>\n<h2><span class=\"cyantext\">What&#8217;s behind the competence network<\/span><\/h2>\n<p>it&#8217;s OWL Clustermanagement GmbH manages the implementation of the projects, the further development of the strategy, the networking of the cluster partners and the marketing for it&#8217;s OWL. Founded in 2012, it&#8217;s OWL e. V. comprises over 220 members and is the sole shareholder of the GmbH. <\/p>\n<p>Companies, universities and other partners pool their interests in the association. The association&#8217;s board is the Cluster Board, which is also the supervisory body for the cluster management. In addition, internationally renowned scientists support the Cluster Board and the management in the form of the it&#8217;s OWL Advisory Board.  <\/p>\n","protected":false},"excerpt":{"rendered":"<p>Meet the cluster Whether it&#8217;s the energy transition, a shortage of skilled workers, geopolitical changes&#8230;<\/p>\n","protected":false},"author":1,"featured_media":6803,"parent":1996,"menu_order":0,"comment_status":"closed","ping_status":"closed","template":"","meta":{"_acf_changed":false,"footnotes":""},"class_list":["post-3815","page","type-page","status-publish","has-post-thumbnail","hentry"],"acf":[],"yoast_head":"<!-- This site is optimized with the Yoast SEO plugin v27.3 - https:\/\/yoast.com\/product\/yoast-seo-wordpress\/ -->\n<title>Meet the cluster - it&#039;s OWL<\/title>\n<meta name=\"robots\" content=\"index, follow, max-snippet:-1, max-image-preview:large, max-video-preview:-1\" \/>\n<link rel=\"canonical\" href=\"https:\/\/its-owl.de\/en\/about-us\/this-is-its-owl\/\" \/>\n<meta property=\"og:locale\" content=\"en_US\" \/>\n<meta property=\"og:type\" content=\"article\" \/>\n<meta property=\"og:title\" content=\"Meet the cluster - it&#039;s OWL\" \/>\n<meta property=\"og:description\" content=\"Meet the cluster Whether it&#8217;s the energy transition, a shortage of skilled workers, geopolitical changes...\" \/>\n<meta property=\"og:url\" content=\"https:\/\/its-owl.de\/en\/about-us\/this-is-its-owl\/\" \/>\n<meta property=\"og:site_name\" content=\"it&#039;s OWL\" \/>\n<meta property=\"article:publisher\" content=\"https:\/\/www.facebook.com\/itsOWL.Cluster\/\" \/>\n<meta property=\"article:modified_time\" content=\"2025-11-10T08:43:01+00:00\" \/>\n<meta property=\"og:image\" content=\"https:\/\/its-owl.de\/wp-content\/uploads\/2025\/03\/20250325_Pressegespraech_itsOWL-03.jpg\" \/>\n\t<meta property=\"og:image:width\" content=\"5947\" \/>\n\t<meta property=\"og:image:height\" content=\"3965\" \/>\n\t<meta property=\"og:image:type\" content=\"image\/jpeg\" \/>\n<meta name=\"twitter:card\" content=\"summary_large_image\" \/>\n<meta name=\"twitter:site\" content=\"@itsOWL_Cluster\" \/>\n<meta name=\"twitter:label1\" content=\"Est. reading time\" \/>\n\t<meta name=\"twitter:data1\" content=\"2 minutes\" \/>\n<script type=\"application\/ld+json\" class=\"yoast-schema-graph\">{\"@context\":\"https:\\\/\\\/schema.org\",\"@graph\":[{\"@type\":\"WebPage\",\"@id\":\"https:\\\/\\\/its-owl.de\\\/en\\\/about-us\\\/this-is-its-owl\\\/\",\"url\":\"https:\\\/\\\/its-owl.de\\\/en\\\/about-us\\\/this-is-its-owl\\\/\",\"name\":\"Meet the cluster - it&#039;s OWL\",\"isPartOf\":{\"@id\":\"https:\\\/\\\/its-owl.de\\\/en\\\/#website\"},\"primaryImageOfPage\":{\"@id\":\"https:\\\/\\\/its-owl.de\\\/en\\\/about-us\\\/this-is-its-owl\\\/#primaryimage\"},\"image\":{\"@id\":\"https:\\\/\\\/its-owl.de\\\/en\\\/about-us\\\/this-is-its-owl\\\/#primaryimage\"},\"thumbnailUrl\":\"https:\\\/\\\/its-owl.de\\\/wp-content\\\/uploads\\\/2025\\\/03\\\/20250325_Pressegespraech_itsOWL-03.jpg\",\"datePublished\":\"2024-02-01T16:28:07+00:00\",\"dateModified\":\"2025-11-10T08:43:01+00:00\",\"breadcrumb\":{\"@id\":\"https:\\\/\\\/its-owl.de\\\/en\\\/about-us\\\/this-is-its-owl\\\/#breadcrumb\"},\"inLanguage\":\"en-US\",\"potentialAction\":[{\"@type\":\"ReadAction\",\"target\":[\"https:\\\/\\\/its-owl.de\\\/en\\\/about-us\\\/this-is-its-owl\\\/\"]}]},{\"@type\":\"ImageObject\",\"inLanguage\":\"en-US\",\"@id\":\"https:\\\/\\\/its-owl.de\\\/en\\\/about-us\\\/this-is-its-owl\\\/#primaryimage\",\"url\":\"https:\\\/\\\/its-owl.de\\\/wp-content\\\/uploads\\\/2025\\\/03\\\/20250325_Pressegespraech_itsOWL-03.jpg\",\"contentUrl\":\"https:\\\/\\\/its-owl.de\\\/wp-content\\\/uploads\\\/2025\\\/03\\\/20250325_Pressegespraech_itsOWL-03.jpg\",\"width\":5947,\"height\":3965,\"caption\":\"Warum it's OWL f\u00fcr Unternehmen vor allem in wirtschaftlich schwierigen Zeiten so wichtig ist, pr\u00e4sentierten (von links): G\u00fcnter Korder (Gesch\u00e4ftsf\u00fchrer it's OWL), Dr. Stefan Breit (Vorsitzender des Clusterboards und Gesch\u00e4ftsf\u00fchrer bei Miele), Prof. Dr. Roman Dumitrescu (Gesch\u00e4ftsf\u00fchrer it\u2018s OWL und Direktor Fraunhofer IEM), Anna-Katharina B\u00f6lling (Regierungspr\u00e4sidentin des Regierungsbezirks Detmold) und Prof. Dr. Ingeborg Schramm-W\u00f6lk (Vorsitzende Campus OWL und Pr\u00e4sidentin Hochschule Bielefeld). Foto: it's OWL\"},{\"@type\":\"BreadcrumbList\",\"@id\":\"https:\\\/\\\/its-owl.de\\\/en\\\/about-us\\\/this-is-its-owl\\\/#breadcrumb\",\"itemListElement\":[{\"@type\":\"ListItem\",\"position\":1,\"name\":\"its-owl.de\",\"item\":\"https:\\\/\\\/its-owl.de\\\/en\\\/home\\\/\"},{\"@type\":\"ListItem\",\"position\":2,\"name\":\"About us\",\"item\":\"https:\\\/\\\/its-owl.de\\\/en\\\/about-us\\\/\"},{\"@type\":\"ListItem\",\"position\":3,\"name\":\"Meet the cluster\"}]},{\"@type\":\"WebSite\",\"@id\":\"https:\\\/\\\/its-owl.de\\\/en\\\/#website\",\"url\":\"https:\\\/\\\/its-owl.de\\\/en\\\/\",\"name\":\"it's owl\",\"description\":\"Das Kompetenznetzwerk f\u00fcr Industrie.Zero\",\"publisher\":{\"@id\":\"https:\\\/\\\/its-owl.de\\\/en\\\/#organization\"},\"potentialAction\":[{\"@type\":\"SearchAction\",\"target\":{\"@type\":\"EntryPoint\",\"urlTemplate\":\"https:\\\/\\\/its-owl.de\\\/en\\\/?s={search_term_string}\"},\"query-input\":{\"@type\":\"PropertyValueSpecification\",\"valueRequired\":true,\"valueName\":\"search_term_string\"}}],\"inLanguage\":\"en-US\"},{\"@type\":\"Organization\",\"@id\":\"https:\\\/\\\/its-owl.de\\\/en\\\/#organization\",\"name\":\"it's owl\",\"url\":\"https:\\\/\\\/its-owl.de\\\/en\\\/\",\"logo\":{\"@type\":\"ImageObject\",\"inLanguage\":\"en-US\",\"@id\":\"https:\\\/\\\/its-owl.de\\\/en\\\/#\\\/schema\\\/logo\\\/image\\\/\",\"url\":\"https:\\\/\\\/its-owl.de\\\/wp-content\\\/uploads\\\/2024\\\/02\\\/its_owl_logo.svg\",\"contentUrl\":\"https:\\\/\\\/its-owl.de\\\/wp-content\\\/uploads\\\/2024\\\/02\\\/its_owl_logo.svg\",\"width\":1,\"height\":1,\"caption\":\"it's owl\"},\"image\":{\"@id\":\"https:\\\/\\\/its-owl.de\\\/en\\\/#\\\/schema\\\/logo\\\/image\\\/\"},\"sameAs\":[\"https:\\\/\\\/www.facebook.com\\\/itsOWL.Cluster\\\/\",\"https:\\\/\\\/x.com\\\/itsOWL_Cluster\",\"https:\\\/\\\/www.linkedin.com\\\/company\\\/itsowl\",\"https:\\\/\\\/www.youtube.com\\\/user\\\/itsOWLSpitzencluster\",\"https:\\\/\\\/www.xing.com\\\/pages\\\/itsowlclustermanagementgmbh\"]}]}<\/script>\n<!-- \/ Yoast SEO plugin. -->","yoast_head_json":{"title":"Meet the cluster - it&#039;s OWL","robots":{"index":"index","follow":"follow","max-snippet":"max-snippet:-1","max-image-preview":"max-image-preview:large","max-video-preview":"max-video-preview:-1"},"canonical":"https:\/\/its-owl.de\/en\/about-us\/this-is-its-owl\/","og_locale":"en_US","og_type":"article","og_title":"Meet the cluster - it&#039;s OWL","og_description":"Meet the cluster Whether it&#8217;s the energy transition, a shortage of skilled workers, geopolitical changes...","og_url":"https:\/\/its-owl.de\/en\/about-us\/this-is-its-owl\/","og_site_name":"it&#039;s OWL","article_publisher":"https:\/\/www.facebook.com\/itsOWL.Cluster\/","article_modified_time":"2025-11-10T08:43:01+00:00","og_image":[{"width":5947,"height":3965,"url":"https:\/\/its-owl.de\/wp-content\/uploads\/2025\/03\/20250325_Pressegespraech_itsOWL-03.jpg","type":"image\/jpeg"}],"twitter_card":"summary_large_image","twitter_site":"@itsOWL_Cluster","twitter_misc":{"Est. reading time":"2 minutes"},"schema":{"@context":"https:\/\/schema.org","@graph":[{"@type":"WebPage","@id":"https:\/\/its-owl.de\/en\/about-us\/this-is-its-owl\/","url":"https:\/\/its-owl.de\/en\/about-us\/this-is-its-owl\/","name":"Meet the cluster - it&#039;s OWL","isPartOf":{"@id":"https:\/\/its-owl.de\/en\/#website"},"primaryImageOfPage":{"@id":"https:\/\/its-owl.de\/en\/about-us\/this-is-its-owl\/#primaryimage"},"image":{"@id":"https:\/\/its-owl.de\/en\/about-us\/this-is-its-owl\/#primaryimage"},"thumbnailUrl":"https:\/\/its-owl.de\/wp-content\/uploads\/2025\/03\/20250325_Pressegespraech_itsOWL-03.jpg","datePublished":"2024-02-01T16:28:07+00:00","dateModified":"2025-11-10T08:43:01+00:00","breadcrumb":{"@id":"https:\/\/its-owl.de\/en\/about-us\/this-is-its-owl\/#breadcrumb"},"inLanguage":"en-US","potentialAction":[{"@type":"ReadAction","target":["https:\/\/its-owl.de\/en\/about-us\/this-is-its-owl\/"]}]},{"@type":"ImageObject","inLanguage":"en-US","@id":"https:\/\/its-owl.de\/en\/about-us\/this-is-its-owl\/#primaryimage","url":"https:\/\/its-owl.de\/wp-content\/uploads\/2025\/03\/20250325_Pressegespraech_itsOWL-03.jpg","contentUrl":"https:\/\/its-owl.de\/wp-content\/uploads\/2025\/03\/20250325_Pressegespraech_itsOWL-03.jpg","width":5947,"height":3965,"caption":"Warum it's OWL f\u00fcr Unternehmen vor allem in wirtschaftlich schwierigen Zeiten so wichtig ist, pr\u00e4sentierten (von links): G\u00fcnter Korder (Gesch\u00e4ftsf\u00fchrer it's OWL), Dr. Stefan Breit (Vorsitzender des Clusterboards und Gesch\u00e4ftsf\u00fchrer bei Miele), Prof. Dr. Roman Dumitrescu (Gesch\u00e4ftsf\u00fchrer it\u2018s OWL und Direktor Fraunhofer IEM), Anna-Katharina B\u00f6lling (Regierungspr\u00e4sidentin des Regierungsbezirks Detmold) und Prof. Dr. Ingeborg Schramm-W\u00f6lk (Vorsitzende Campus OWL und Pr\u00e4sidentin Hochschule Bielefeld). Foto: it's OWL"},{"@type":"BreadcrumbList","@id":"https:\/\/its-owl.de\/en\/about-us\/this-is-its-owl\/#breadcrumb","itemListElement":[{"@type":"ListItem","position":1,"name":"its-owl.de","item":"https:\/\/its-owl.de\/en\/home\/"},{"@type":"ListItem","position":2,"name":"About us","item":"https:\/\/its-owl.de\/en\/about-us\/"},{"@type":"ListItem","position":3,"name":"Meet the cluster"}]},{"@type":"WebSite","@id":"https:\/\/its-owl.de\/en\/#website","url":"https:\/\/its-owl.de\/en\/","name":"it's owl","description":"Das Kompetenznetzwerk f\u00fcr Industrie.Zero","publisher":{"@id":"https:\/\/its-owl.de\/en\/#organization"},"potentialAction":[{"@type":"SearchAction","target":{"@type":"EntryPoint","urlTemplate":"https:\/\/its-owl.de\/en\/?s={search_term_string}"},"query-input":{"@type":"PropertyValueSpecification","valueRequired":true,"valueName":"search_term_string"}}],"inLanguage":"en-US"},{"@type":"Organization","@id":"https:\/\/its-owl.de\/en\/#organization","name":"it's owl","url":"https:\/\/its-owl.de\/en\/","logo":{"@type":"ImageObject","inLanguage":"en-US","@id":"https:\/\/its-owl.de\/en\/#\/schema\/logo\/image\/","url":"https:\/\/its-owl.de\/wp-content\/uploads\/2024\/02\/its_owl_logo.svg","contentUrl":"https:\/\/its-owl.de\/wp-content\/uploads\/2024\/02\/its_owl_logo.svg","width":1,"height":1,"caption":"it's owl"},"image":{"@id":"https:\/\/its-owl.de\/en\/#\/schema\/logo\/image\/"},"sameAs":["https:\/\/www.facebook.com\/itsOWL.Cluster\/","https:\/\/x.com\/itsOWL_Cluster","https:\/\/www.linkedin.com\/company\/itsowl","https:\/\/www.youtube.com\/user\/itsOWLSpitzencluster","https:\/\/www.xing.com\/pages\/itsowlclustermanagementgmbh"]}]}},"_links":{"self":[{"href":"https:\/\/its-owl.de\/en\/wp-json\/wp\/v2\/pages\/3815","targetHints":{"allow":["GET"]}}],"collection":[{"href":"https:\/\/its-owl.de\/en\/wp-json\/wp\/v2\/pages"}],"about":[{"href":"https:\/\/its-owl.de\/en\/wp-json\/wp\/v2\/types\/page"}],"author":[{"embeddable":true,"href":"https:\/\/its-owl.de\/en\/wp-json\/wp\/v2\/users\/1"}],"replies":[{"embeddable":true,"href":"https:\/\/its-owl.de\/en\/wp-json\/wp\/v2\/comments?post=3815"}],"version-history":[{"count":9,"href":"https:\/\/its-owl.de\/en\/wp-json\/wp\/v2\/pages\/3815\/revisions"}],"predecessor-version":[{"id":8055,"href":"https:\/\/its-owl.de\/en\/wp-json\/wp\/v2\/pages\/3815\/revisions\/8055"}],"up":[{"embeddable":true,"href":"https:\/\/its-owl.de\/en\/wp-json\/wp\/v2\/pages\/1996"}],"wp:featuredmedia":[{"embeddable":true,"href":"https:\/\/its-owl.de\/en\/wp-json\/wp\/v2\/media\/6803"}],"wp:attachment":[{"href":"https:\/\/its-owl.de\/en\/wp-json\/wp\/v2\/media?parent=3815"}],"curies":[{"name":"wp","href":"https:\/\/api.w.org\/{rel}","templated":true}]}}