{"id":3874,"date":"2024-02-01T17:28:07","date_gmt":"2024-02-01T16:28:07","guid":{"rendered":"https:\/\/its-owl.de\/industrie-zero\/"},"modified":"2024-11-11T14:07:33","modified_gmt":"2024-11-11T13:07:33","slug":"industrie-zero","status":"publish","type":"page","link":"https:\/\/its-owl.de\/en\/industrie-zero\/","title":{"rendered":"Industrie.Zero"},"content":{"rendered":"<h1>Industrie.<wbr \/>Zero<\/h1>\n<div class=\"introtext\">\n<p>How sustainably do we work? That is the question it&#8217;s OWL and its partners are asking themselves. In order to ensure sustainable products, sustainable business processes and a sustainable working environment, the Leading-Edge Cluster is developing new technologies and applications with the support of the state of North Rhine-Westphalia. Our &#8216;Industrie.Zero&#8217; strategy, which calls for sustainability through technology, is being implemented in projects by companies and research institutions from OstWestfalenLippe. Our vision is for the OstWestfalenLippe region to develop into a model region for sustainable value creation.<\/p>\n<\/div>\n<p>\u201eMit \u201aIndustrie.Zero\u2018 wollen wir Unternehmen bei der industriellen und nachhaltigen Transformation ihrer Gesch\u00e4ftsmodelle unterst\u00fctzen. Mit unseren neusten Projekten zeigen wir, dass digitale L\u00f6sungen der Schl\u00fcssel zur Nachhaltigkeit sein werden\u201c, sagt G\u00fcnter Korder, Gesch\u00e4ftsf\u00fchrer der it\u2019s OWL Clustermanagement GmbH.<\/p>\n<div class=\"infobox\">\n<p><span class=\"cyantext\"><strong>Industrie.Zero in a nutshell<\/strong><\/span><\/p>\n<p>With &#8216;Industrie.Zero&#8217;, it&#8217;s OWL has been pursuing a dual strategy for sustainable value creation through intelligent technical systems since 2023. For example, companies develop intelligent products for sustainable use or utilise intelligent production processes for sustainable value creation. Sustainability is becoming the foundation of success for it&#8217;s OWL and its member companies.<\/p>\n<\/div>\n<h2><span class=\"cyantext\">it\u2019s OWL is already delivering sustainable solutions.<\/span><\/h2>\n<p>This is how the project &#8216;Climate-neutral Business in OWL&#8217; (Climate bOWL) supports companies on their way to optimising their energy efficiency, for example. The kilowatt hour that does not have to be generated does not emit any greenhouse gases and does not incur any costs. This is where the project comes in. By 2025, the universities of Paderborn and Bielefeld, together with the companies Gea, Miele, NTT Data Business Solutions and Phoenix Contact, will develop an intelligent assistance system that will support companies in reducing their greenhouse gas emissions along the value chain. In the it&#8217;s OWL project &#8216;ZirkuPro&#8217;, Miele, manufacturer of household and commercial appliances, is focussing on the development of sustainable electronics. &#8220;For example, Miele wants to take greater account of aspects of the circular economy when developing future generations of ovens. The design of components should also make repairs even simpler and more efficient in future,&#8221; says Prof Dr Roman Dumitrescu, Managing Director of it&#8217;s OWL. Some electronics consist of critical materials, such as rare earths, and their CO2 emissions are often underestimated. In addition to the existing sustainability projects of the Leading-Edge Cluster, three new flagship projects are to be launched in 2024.<\/p>\n<p>&nbsp;<\/p>\n<p><img loading=\"lazy\" decoding=\"async\" class=\"alignnone wp-image-3092 \" src=\"https:\/\/its-owl.de\/wp-content\/uploads\/2024\/04\/itsowl_Strategie_2024_Grafiken14-e1712323766271.png\" alt=\"\" width=\"787\" height=\"391\" srcset=\"https:\/\/its-owl.de\/wp-content\/uploads\/2024\/04\/itsowl_Strategie_2024_Grafiken14-e1712323766271.png 2378w, https:\/\/its-owl.de\/wp-content\/uploads\/2024\/04\/itsowl_Strategie_2024_Grafiken14-e1712323766271-150x75.png 150w, https:\/\/its-owl.de\/wp-content\/uploads\/2024\/04\/itsowl_Strategie_2024_Grafiken14-e1712323766271-300x149.png 300w, https:\/\/its-owl.de\/wp-content\/uploads\/2024\/04\/itsowl_Strategie_2024_Grafiken14-e1712323766271-768x382.png 768w, https:\/\/its-owl.de\/wp-content\/uploads\/2024\/04\/itsowl_Strategie_2024_Grafiken14-e1712323766271-1140x568.png 1140w, https:\/\/its-owl.de\/wp-content\/uploads\/2024\/04\/itsowl_Strategie_2024_Grafiken14-e1712323766271-1536x765.png 1536w, https:\/\/its-owl.de\/wp-content\/uploads\/2024\/04\/itsowl_Strategie_2024_Grafiken14-e1712323766271-2048x1020.png 2048w\" sizes=\"auto, (max-width: 787px) 100vw, 787px\" \/><\/p>\n<h2><span class=\"cyantext\">Our mission<\/span><\/h2>\n<ul>\n<li>Zero.Emissions \u2013 reducing CO<sub>2<\/sub> equivalents to zero<\/li>\n<li>Zero.Waste \u2013 expanding circular value creation<\/li>\n<li>Zero.loss of competitiveness \u2013 driving sustainable success<\/li>\n<li>Zero.Leaving behing \u2013 full employment and people-centred work<\/li>\n<li>Zero.Dependencies \u2013 reliable supply and delivery systems<\/li>\n<li>Zero.Solo efforts \u2013 promoting a culture of cooperation<\/li>\n<\/ul>\n<p>&nbsp;<\/p>\n<div class=\"infobox\">\n<p><strong><span class=\"cyantext\">Why is sustainability important for my company?<\/span><\/strong><\/p>\n<p>Economic sustainability is more than just reducing your carbon footprint and planting trees &#8211; even if these are of course still important aspects. Sustainable management is also an economic necessity: only those who offer their skilled workers fair and flexible working conditions will continue to be an attractive employer in the future.<\/p>\n<\/div>\n<h2><span class=\"cyantext\">News strategy, new presentation<\/span><\/h2>\n<p>The &#8216;Industrie.Zero&#8217; strategy will shape the work of it&#8217;s OWL in the coming years. The &#8216;Technology Network for Intelligent Technical Systems&#8217; has become the &#8216;Competence Network for Industrie.Zero&#8217;. To emphasise the strength of &#8216;Industrie.Zero&#8217;, the strategy has been given its own logo, which is used by it&#8217;s OWL and its partners. However, &#8216;Industrie.Zero&#8217; does not replace the it&#8217;s OWL brand. Industrie.Zero&#8217; is the programme, it&#8217;s OWL as a competence network is the initiator.<\/p>\n","protected":false},"excerpt":{"rendered":"<p>Industrie.Zero How sustainably do we work? That is the question it&#8217;s OWL and its partners&#8230;<\/p>\n","protected":false},"author":1,"featured_media":975,"parent":0,"menu_order":6,"comment_status":"closed","ping_status":"closed","template":"","meta":{"_acf_changed":false,"footnotes":""},"class_list":["post-3874","page","type-page","status-publish","has-post-thumbnail","hentry"],"acf":[],"yoast_head":"<!-- This site is optimized with the Yoast SEO plugin v27.3 - https:\/\/yoast.com\/product\/yoast-seo-wordpress\/ -->\n<title>Industrie.Zero - it&#039;s OWL<\/title>\n<meta name=\"robots\" content=\"index, follow, max-snippet:-1, max-image-preview:large, max-video-preview:-1\" \/>\n<link rel=\"canonical\" href=\"https:\/\/its-owl.de\/en\/industrie-zero\/\" \/>\n<meta property=\"og:locale\" content=\"en_US\" \/>\n<meta property=\"og:type\" content=\"article\" \/>\n<meta property=\"og:title\" content=\"Industrie.Zero - it&#039;s OWL\" \/>\n<meta property=\"og:description\" content=\"Industrie.Zero How sustainably do we work? That is the question it&#8217;s OWL and its partners...\" \/>\n<meta property=\"og:url\" content=\"https:\/\/its-owl.de\/en\/industrie-zero\/\" \/>\n<meta property=\"og:site_name\" content=\"it&#039;s OWL\" \/>\n<meta property=\"article:publisher\" content=\"https:\/\/www.facebook.com\/itsOWL.Cluster\/\" \/>\n<meta property=\"article:modified_time\" content=\"2024-11-11T13:07:33+00:00\" \/>\n<meta property=\"og:image\" content=\"https:\/\/its-owl.de\/wp-content\/uploads\/2024\/02\/industrie_zero01.jpg\" \/>\n\t<meta property=\"og:image:width\" content=\"2400\" \/>\n\t<meta property=\"og:image:height\" content=\"1600\" \/>\n\t<meta property=\"og:image:type\" content=\"image\/jpeg\" \/>\n<meta name=\"twitter:card\" content=\"summary_large_image\" \/>\n<meta name=\"twitter:site\" content=\"@itsOWL_Cluster\" \/>\n<meta name=\"twitter:label1\" content=\"Est. reading time\" \/>\n\t<meta name=\"twitter:data1\" content=\"3 minutes\" \/>\n<script type=\"application\/ld+json\" class=\"yoast-schema-graph\">{\"@context\":\"https:\\\/\\\/schema.org\",\"@graph\":[{\"@type\":\"WebPage\",\"@id\":\"https:\\\/\\\/its-owl.de\\\/en\\\/industrie-zero\\\/\",\"url\":\"https:\\\/\\\/its-owl.de\\\/en\\\/industrie-zero\\\/\",\"name\":\"Industrie.Zero - it&#039;s OWL\",\"isPartOf\":{\"@id\":\"https:\\\/\\\/its-owl.de\\\/en\\\/#website\"},\"primaryImageOfPage\":{\"@id\":\"https:\\\/\\\/its-owl.de\\\/en\\\/industrie-zero\\\/#primaryimage\"},\"image\":{\"@id\":\"https:\\\/\\\/its-owl.de\\\/en\\\/industrie-zero\\\/#primaryimage\"},\"thumbnailUrl\":\"https:\\\/\\\/its-owl.de\\\/wp-content\\\/uploads\\\/2024\\\/02\\\/industrie_zero01.jpg\",\"datePublished\":\"2024-02-01T16:28:07+00:00\",\"dateModified\":\"2024-11-11T13:07:33+00:00\",\"breadcrumb\":{\"@id\":\"https:\\\/\\\/its-owl.de\\\/en\\\/industrie-zero\\\/#breadcrumb\"},\"inLanguage\":\"en-US\",\"potentialAction\":[{\"@type\":\"ReadAction\",\"target\":[\"https:\\\/\\\/its-owl.de\\\/en\\\/industrie-zero\\\/\"]}]},{\"@type\":\"ImageObject\",\"inLanguage\":\"en-US\",\"@id\":\"https:\\\/\\\/its-owl.de\\\/en\\\/industrie-zero\\\/#primaryimage\",\"url\":\"https:\\\/\\\/its-owl.de\\\/wp-content\\\/uploads\\\/2024\\\/02\\\/industrie_zero01.jpg\",\"contentUrl\":\"https:\\\/\\\/its-owl.de\\\/wp-content\\\/uploads\\\/2024\\\/02\\\/industrie_zero01.jpg\",\"width\":2400,\"height\":1600,\"caption\":\"it's OWL\"},{\"@type\":\"BreadcrumbList\",\"@id\":\"https:\\\/\\\/its-owl.de\\\/en\\\/industrie-zero\\\/#breadcrumb\",\"itemListElement\":[{\"@type\":\"ListItem\",\"position\":1,\"name\":\"its-owl.de\",\"item\":\"https:\\\/\\\/its-owl.de\\\/en\\\/home\\\/\"},{\"@type\":\"ListItem\",\"position\":2,\"name\":\"Industrie.Zero\"}]},{\"@type\":\"WebSite\",\"@id\":\"https:\\\/\\\/its-owl.de\\\/en\\\/#website\",\"url\":\"https:\\\/\\\/its-owl.de\\\/en\\\/\",\"name\":\"it's owl\",\"description\":\"Das Kompetenznetzwerk f\u00fcr Industrie.Zero\",\"publisher\":{\"@id\":\"https:\\\/\\\/its-owl.de\\\/en\\\/#organization\"},\"potentialAction\":[{\"@type\":\"SearchAction\",\"target\":{\"@type\":\"EntryPoint\",\"urlTemplate\":\"https:\\\/\\\/its-owl.de\\\/en\\\/?s={search_term_string}\"},\"query-input\":{\"@type\":\"PropertyValueSpecification\",\"valueRequired\":true,\"valueName\":\"search_term_string\"}}],\"inLanguage\":\"en-US\"},{\"@type\":\"Organization\",\"@id\":\"https:\\\/\\\/its-owl.de\\\/en\\\/#organization\",\"name\":\"it's owl\",\"url\":\"https:\\\/\\\/its-owl.de\\\/en\\\/\",\"logo\":{\"@type\":\"ImageObject\",\"inLanguage\":\"en-US\",\"@id\":\"https:\\\/\\\/its-owl.de\\\/en\\\/#\\\/schema\\\/logo\\\/image\\\/\",\"url\":\"https:\\\/\\\/its-owl.de\\\/wp-content\\\/uploads\\\/2024\\\/02\\\/its_owl_logo.svg\",\"contentUrl\":\"https:\\\/\\\/its-owl.de\\\/wp-content\\\/uploads\\\/2024\\\/02\\\/its_owl_logo.svg\",\"width\":1,\"height\":1,\"caption\":\"it's owl\"},\"image\":{\"@id\":\"https:\\\/\\\/its-owl.de\\\/en\\\/#\\\/schema\\\/logo\\\/image\\\/\"},\"sameAs\":[\"https:\\\/\\\/www.facebook.com\\\/itsOWL.Cluster\\\/\",\"https:\\\/\\\/x.com\\\/itsOWL_Cluster\",\"https:\\\/\\\/www.linkedin.com\\\/company\\\/itsowl\",\"https:\\\/\\\/www.youtube.com\\\/user\\\/itsOWLSpitzencluster\",\"https:\\\/\\\/www.xing.com\\\/pages\\\/itsowlclustermanagementgmbh\"]}]}<\/script>\n<!-- \/ Yoast SEO plugin. -->","yoast_head_json":{"title":"Industrie.Zero - it&#039;s OWL","robots":{"index":"index","follow":"follow","max-snippet":"max-snippet:-1","max-image-preview":"max-image-preview:large","max-video-preview":"max-video-preview:-1"},"canonical":"https:\/\/its-owl.de\/en\/industrie-zero\/","og_locale":"en_US","og_type":"article","og_title":"Industrie.Zero - it&#039;s OWL","og_description":"Industrie.Zero How sustainably do we work? That is the question it&#8217;s OWL and its partners...","og_url":"https:\/\/its-owl.de\/en\/industrie-zero\/","og_site_name":"it&#039;s OWL","article_publisher":"https:\/\/www.facebook.com\/itsOWL.Cluster\/","article_modified_time":"2024-11-11T13:07:33+00:00","og_image":[{"width":2400,"height":1600,"url":"https:\/\/its-owl.de\/wp-content\/uploads\/2024\/02\/industrie_zero01.jpg","type":"image\/jpeg"}],"twitter_card":"summary_large_image","twitter_site":"@itsOWL_Cluster","twitter_misc":{"Est. reading time":"3 minutes"},"schema":{"@context":"https:\/\/schema.org","@graph":[{"@type":"WebPage","@id":"https:\/\/its-owl.de\/en\/industrie-zero\/","url":"https:\/\/its-owl.de\/en\/industrie-zero\/","name":"Industrie.Zero - it&#039;s OWL","isPartOf":{"@id":"https:\/\/its-owl.de\/en\/#website"},"primaryImageOfPage":{"@id":"https:\/\/its-owl.de\/en\/industrie-zero\/#primaryimage"},"image":{"@id":"https:\/\/its-owl.de\/en\/industrie-zero\/#primaryimage"},"thumbnailUrl":"https:\/\/its-owl.de\/wp-content\/uploads\/2024\/02\/industrie_zero01.jpg","datePublished":"2024-02-01T16:28:07+00:00","dateModified":"2024-11-11T13:07:33+00:00","breadcrumb":{"@id":"https:\/\/its-owl.de\/en\/industrie-zero\/#breadcrumb"},"inLanguage":"en-US","potentialAction":[{"@type":"ReadAction","target":["https:\/\/its-owl.de\/en\/industrie-zero\/"]}]},{"@type":"ImageObject","inLanguage":"en-US","@id":"https:\/\/its-owl.de\/en\/industrie-zero\/#primaryimage","url":"https:\/\/its-owl.de\/wp-content\/uploads\/2024\/02\/industrie_zero01.jpg","contentUrl":"https:\/\/its-owl.de\/wp-content\/uploads\/2024\/02\/industrie_zero01.jpg","width":2400,"height":1600,"caption":"it's OWL"},{"@type":"BreadcrumbList","@id":"https:\/\/its-owl.de\/en\/industrie-zero\/#breadcrumb","itemListElement":[{"@type":"ListItem","position":1,"name":"its-owl.de","item":"https:\/\/its-owl.de\/en\/home\/"},{"@type":"ListItem","position":2,"name":"Industrie.Zero"}]},{"@type":"WebSite","@id":"https:\/\/its-owl.de\/en\/#website","url":"https:\/\/its-owl.de\/en\/","name":"it's owl","description":"Das Kompetenznetzwerk f\u00fcr Industrie.Zero","publisher":{"@id":"https:\/\/its-owl.de\/en\/#organization"},"potentialAction":[{"@type":"SearchAction","target":{"@type":"EntryPoint","urlTemplate":"https:\/\/its-owl.de\/en\/?s={search_term_string}"},"query-input":{"@type":"PropertyValueSpecification","valueRequired":true,"valueName":"search_term_string"}}],"inLanguage":"en-US"},{"@type":"Organization","@id":"https:\/\/its-owl.de\/en\/#organization","name":"it's owl","url":"https:\/\/its-owl.de\/en\/","logo":{"@type":"ImageObject","inLanguage":"en-US","@id":"https:\/\/its-owl.de\/en\/#\/schema\/logo\/image\/","url":"https:\/\/its-owl.de\/wp-content\/uploads\/2024\/02\/its_owl_logo.svg","contentUrl":"https:\/\/its-owl.de\/wp-content\/uploads\/2024\/02\/its_owl_logo.svg","width":1,"height":1,"caption":"it's owl"},"image":{"@id":"https:\/\/its-owl.de\/en\/#\/schema\/logo\/image\/"},"sameAs":["https:\/\/www.facebook.com\/itsOWL.Cluster\/","https:\/\/x.com\/itsOWL_Cluster","https:\/\/www.linkedin.com\/company\/itsowl","https:\/\/www.youtube.com\/user\/itsOWLSpitzencluster","https:\/\/www.xing.com\/pages\/itsowlclustermanagementgmbh"]}]}},"_links":{"self":[{"href":"https:\/\/its-owl.de\/en\/wp-json\/wp\/v2\/pages\/3874","targetHints":{"allow":["GET"]}}],"collection":[{"href":"https:\/\/its-owl.de\/en\/wp-json\/wp\/v2\/pages"}],"about":[{"href":"https:\/\/its-owl.de\/en\/wp-json\/wp\/v2\/types\/page"}],"author":[{"embeddable":true,"href":"https:\/\/its-owl.de\/en\/wp-json\/wp\/v2\/users\/1"}],"replies":[{"embeddable":true,"href":"https:\/\/its-owl.de\/en\/wp-json\/wp\/v2\/comments?post=3874"}],"version-history":[{"count":7,"href":"https:\/\/its-owl.de\/en\/wp-json\/wp\/v2\/pages\/3874\/revisions"}],"predecessor-version":[{"id":6053,"href":"https:\/\/its-owl.de\/en\/wp-json\/wp\/v2\/pages\/3874\/revisions\/6053"}],"wp:featuredmedia":[{"embeddable":true,"href":"https:\/\/its-owl.de\/en\/wp-json\/wp\/v2\/media\/975"}],"wp:attachment":[{"href":"https:\/\/its-owl.de\/en\/wp-json\/wp\/v2\/media?parent=3874"}],"curies":[{"name":"wp","href":"https:\/\/api.w.org\/{rel}","templated":true}]}}