{"id":4913,"date":"2024-06-27T08:53:12","date_gmt":"2024-06-27T06:53:12","guid":{"rendered":"https:\/\/its-owl.de\/?page_id=4913"},"modified":"2025-05-12T14:36:01","modified_gmt":"2025-05-12T12:36:01","slug":"jobs","status":"publish","type":"page","link":"https:\/\/its-owl.de\/en\/jobs\/","title":{"rendered":"Jobs"},"content":{"rendered":"<div class=\"introtext\">\n<p>Energiewende, Fachkr\u00e4ftemangel, geopolitische Krisen \u2013 die Industrie steht vor enormen Herausforderungen. Hier setzt it\u2019s OWL an: Wir entwickeln innovative L\u00f6sungen, um diese Herausforderungen zu meistern und die Industrie in eine nachhaltige und zukunftsf\u00e4hige Richtung zu lenken. Als Kompetenznetzwerk f\u00fcr Industrie.Zero b\u00fcndeln wir das Know-how und die Innovationskraft f\u00fchrender Unternehmen und Forschungseinrichtungen. Werden Sie Teil unseres Teams und gestalten Sie aktiv die Zukunft der Industrie mit!<\/p>\n<\/div>\n<p>Derzeit haben wir keine offenen Jobangebote.<\/p>\n","protected":false},"excerpt":{"rendered":"<p>Energiewende, Fachkr\u00e4ftemangel, geopolitische Krisen \u2013 die Industrie steht vor enormen Herausforderungen. Hier setzt it\u2019s OWL&#8230;<\/p>\n","protected":false},"author":2,"featured_media":2392,"parent":0,"menu_order":0,"comment_status":"closed","ping_status":"closed","template":"","meta":{"_acf_changed":false,"footnotes":""},"class_list":["post-4913","page","type-page","status-publish","has-post-thumbnail","hentry"],"acf":[],"yoast_head":"<!-- This site is optimized with the Yoast SEO plugin v27.3 - https:\/\/yoast.com\/product\/yoast-seo-wordpress\/ -->\n<title>Jobs - it&#039;s OWL<\/title>\n<meta name=\"robots\" content=\"index, follow, max-snippet:-1, max-image-preview:large, max-video-preview:-1\" \/>\n<link rel=\"canonical\" href=\"https:\/\/its-owl.de\/en\/jobs\/\" \/>\n<meta property=\"og:locale\" content=\"en_US\" \/>\n<meta property=\"og:type\" content=\"article\" \/>\n<meta property=\"og:title\" content=\"Jobs - it&#039;s OWL\" \/>\n<meta property=\"og:description\" content=\"Energiewende, Fachkr\u00e4ftemangel, geopolitische Krisen \u2013 die Industrie steht vor enormen Herausforderungen. Hier setzt it\u2019s OWL...\" \/>\n<meta property=\"og:url\" content=\"https:\/\/its-owl.de\/en\/jobs\/\" \/>\n<meta property=\"og:site_name\" content=\"it&#039;s OWL\" \/>\n<meta property=\"article:publisher\" content=\"https:\/\/www.facebook.com\/itsOWL.Cluster\/\" \/>\n<meta property=\"article:modified_time\" content=\"2025-05-12T12:36:01+00:00\" \/>\n<meta property=\"og:image\" content=\"https:\/\/its-owl.de\/wp-content\/uploads\/2024\/03\/2023_Gruppenbild-scaled.jpg\" \/>\n\t<meta property=\"og:image:width\" content=\"2560\" \/>\n\t<meta property=\"og:image:height\" content=\"1707\" \/>\n\t<meta property=\"og:image:type\" content=\"image\/jpeg\" \/>\n<meta name=\"twitter:card\" content=\"summary_large_image\" \/>\n<meta name=\"twitter:site\" content=\"@itsOWL_Cluster\" \/>\n<script type=\"application\/ld+json\" class=\"yoast-schema-graph\">{\"@context\":\"https:\\\/\\\/schema.org\",\"@graph\":[{\"@type\":\"WebPage\",\"@id\":\"https:\\\/\\\/its-owl.de\\\/en\\\/jobs\\\/\",\"url\":\"https:\\\/\\\/its-owl.de\\\/en\\\/jobs\\\/\",\"name\":\"Jobs - it&#039;s OWL\",\"isPartOf\":{\"@id\":\"https:\\\/\\\/its-owl.de\\\/en\\\/#website\"},\"primaryImageOfPage\":{\"@id\":\"https:\\\/\\\/its-owl.de\\\/en\\\/jobs\\\/#primaryimage\"},\"image\":{\"@id\":\"https:\\\/\\\/its-owl.de\\\/en\\\/jobs\\\/#primaryimage\"},\"thumbnailUrl\":\"https:\\\/\\\/its-owl.de\\\/wp-content\\\/uploads\\\/2024\\\/03\\\/2023_Gruppenbild-scaled.jpg\",\"datePublished\":\"2024-06-27T06:53:12+00:00\",\"dateModified\":\"2025-05-12T12:36:01+00:00\",\"breadcrumb\":{\"@id\":\"https:\\\/\\\/its-owl.de\\\/en\\\/jobs\\\/#breadcrumb\"},\"inLanguage\":\"en-US\",\"potentialAction\":[{\"@type\":\"ReadAction\",\"target\":[\"https:\\\/\\\/its-owl.de\\\/en\\\/jobs\\\/\"]}]},{\"@type\":\"ImageObject\",\"inLanguage\":\"en-US\",\"@id\":\"https:\\\/\\\/its-owl.de\\\/en\\\/jobs\\\/#primaryimage\",\"url\":\"https:\\\/\\\/its-owl.de\\\/wp-content\\\/uploads\\\/2024\\\/03\\\/2023_Gruppenbild-scaled.jpg\",\"contentUrl\":\"https:\\\/\\\/its-owl.de\\\/wp-content\\\/uploads\\\/2024\\\/03\\\/2023_Gruppenbild-scaled.jpg\",\"width\":2560,\"height\":1707,\"caption\":\"+++ Das Technologie-Netzwerk: it's OWL (Intelligente Technische Systeme OstWestfalenLippe) +++ Foto: Besim Mazhiqi\"},{\"@type\":\"BreadcrumbList\",\"@id\":\"https:\\\/\\\/its-owl.de\\\/en\\\/jobs\\\/#breadcrumb\",\"itemListElement\":[{\"@type\":\"ListItem\",\"position\":1,\"name\":\"its-owl.de\",\"item\":\"https:\\\/\\\/its-owl.de\\\/en\\\/home\\\/\"},{\"@type\":\"ListItem\",\"position\":2,\"name\":\"Jobs\"}]},{\"@type\":\"WebSite\",\"@id\":\"https:\\\/\\\/its-owl.de\\\/en\\\/#website\",\"url\":\"https:\\\/\\\/its-owl.de\\\/en\\\/\",\"name\":\"it's owl\",\"description\":\"Das Kompetenznetzwerk f\u00fcr Industrie.Zero\",\"publisher\":{\"@id\":\"https:\\\/\\\/its-owl.de\\\/en\\\/#organization\"},\"potentialAction\":[{\"@type\":\"SearchAction\",\"target\":{\"@type\":\"EntryPoint\",\"urlTemplate\":\"https:\\\/\\\/its-owl.de\\\/en\\\/?s={search_term_string}\"},\"query-input\":{\"@type\":\"PropertyValueSpecification\",\"valueRequired\":true,\"valueName\":\"search_term_string\"}}],\"inLanguage\":\"en-US\"},{\"@type\":\"Organization\",\"@id\":\"https:\\\/\\\/its-owl.de\\\/en\\\/#organization\",\"name\":\"it's owl\",\"url\":\"https:\\\/\\\/its-owl.de\\\/en\\\/\",\"logo\":{\"@type\":\"ImageObject\",\"inLanguage\":\"en-US\",\"@id\":\"https:\\\/\\\/its-owl.de\\\/en\\\/#\\\/schema\\\/logo\\\/image\\\/\",\"url\":\"https:\\\/\\\/its-owl.de\\\/wp-content\\\/uploads\\\/2024\\\/02\\\/its_owl_logo.svg\",\"contentUrl\":\"https:\\\/\\\/its-owl.de\\\/wp-content\\\/uploads\\\/2024\\\/02\\\/its_owl_logo.svg\",\"width\":1,\"height\":1,\"caption\":\"it's owl\"},\"image\":{\"@id\":\"https:\\\/\\\/its-owl.de\\\/en\\\/#\\\/schema\\\/logo\\\/image\\\/\"},\"sameAs\":[\"https:\\\/\\\/www.facebook.com\\\/itsOWL.Cluster\\\/\",\"https:\\\/\\\/x.com\\\/itsOWL_Cluster\",\"https:\\\/\\\/www.linkedin.com\\\/company\\\/itsowl\",\"https:\\\/\\\/www.youtube.com\\\/user\\\/itsOWLSpitzencluster\",\"https:\\\/\\\/www.xing.com\\\/pages\\\/itsowlclustermanagementgmbh\"]}]}<\/script>\n<!-- \/ Yoast SEO plugin. -->","yoast_head_json":{"title":"Jobs - it&#039;s OWL","robots":{"index":"index","follow":"follow","max-snippet":"max-snippet:-1","max-image-preview":"max-image-preview:large","max-video-preview":"max-video-preview:-1"},"canonical":"https:\/\/its-owl.de\/en\/jobs\/","og_locale":"en_US","og_type":"article","og_title":"Jobs - it&#039;s OWL","og_description":"Energiewende, Fachkr\u00e4ftemangel, geopolitische Krisen \u2013 die Industrie steht vor enormen Herausforderungen. Hier setzt it\u2019s OWL...","og_url":"https:\/\/its-owl.de\/en\/jobs\/","og_site_name":"it&#039;s OWL","article_publisher":"https:\/\/www.facebook.com\/itsOWL.Cluster\/","article_modified_time":"2025-05-12T12:36:01+00:00","og_image":[{"width":2560,"height":1707,"url":"https:\/\/its-owl.de\/wp-content\/uploads\/2024\/03\/2023_Gruppenbild-scaled.jpg","type":"image\/jpeg"}],"twitter_card":"summary_large_image","twitter_site":"@itsOWL_Cluster","schema":{"@context":"https:\/\/schema.org","@graph":[{"@type":"WebPage","@id":"https:\/\/its-owl.de\/en\/jobs\/","url":"https:\/\/its-owl.de\/en\/jobs\/","name":"Jobs - it&#039;s OWL","isPartOf":{"@id":"https:\/\/its-owl.de\/en\/#website"},"primaryImageOfPage":{"@id":"https:\/\/its-owl.de\/en\/jobs\/#primaryimage"},"image":{"@id":"https:\/\/its-owl.de\/en\/jobs\/#primaryimage"},"thumbnailUrl":"https:\/\/its-owl.de\/wp-content\/uploads\/2024\/03\/2023_Gruppenbild-scaled.jpg","datePublished":"2024-06-27T06:53:12+00:00","dateModified":"2025-05-12T12:36:01+00:00","breadcrumb":{"@id":"https:\/\/its-owl.de\/en\/jobs\/#breadcrumb"},"inLanguage":"en-US","potentialAction":[{"@type":"ReadAction","target":["https:\/\/its-owl.de\/en\/jobs\/"]}]},{"@type":"ImageObject","inLanguage":"en-US","@id":"https:\/\/its-owl.de\/en\/jobs\/#primaryimage","url":"https:\/\/its-owl.de\/wp-content\/uploads\/2024\/03\/2023_Gruppenbild-scaled.jpg","contentUrl":"https:\/\/its-owl.de\/wp-content\/uploads\/2024\/03\/2023_Gruppenbild-scaled.jpg","width":2560,"height":1707,"caption":"+++ Das Technologie-Netzwerk: it's OWL (Intelligente Technische Systeme OstWestfalenLippe) +++ Foto: Besim Mazhiqi"},{"@type":"BreadcrumbList","@id":"https:\/\/its-owl.de\/en\/jobs\/#breadcrumb","itemListElement":[{"@type":"ListItem","position":1,"name":"its-owl.de","item":"https:\/\/its-owl.de\/en\/home\/"},{"@type":"ListItem","position":2,"name":"Jobs"}]},{"@type":"WebSite","@id":"https:\/\/its-owl.de\/en\/#website","url":"https:\/\/its-owl.de\/en\/","name":"it's owl","description":"Das Kompetenznetzwerk f\u00fcr Industrie.Zero","publisher":{"@id":"https:\/\/its-owl.de\/en\/#organization"},"potentialAction":[{"@type":"SearchAction","target":{"@type":"EntryPoint","urlTemplate":"https:\/\/its-owl.de\/en\/?s={search_term_string}"},"query-input":{"@type":"PropertyValueSpecification","valueRequired":true,"valueName":"search_term_string"}}],"inLanguage":"en-US"},{"@type":"Organization","@id":"https:\/\/its-owl.de\/en\/#organization","name":"it's owl","url":"https:\/\/its-owl.de\/en\/","logo":{"@type":"ImageObject","inLanguage":"en-US","@id":"https:\/\/its-owl.de\/en\/#\/schema\/logo\/image\/","url":"https:\/\/its-owl.de\/wp-content\/uploads\/2024\/02\/its_owl_logo.svg","contentUrl":"https:\/\/its-owl.de\/wp-content\/uploads\/2024\/02\/its_owl_logo.svg","width":1,"height":1,"caption":"it's owl"},"image":{"@id":"https:\/\/its-owl.de\/en\/#\/schema\/logo\/image\/"},"sameAs":["https:\/\/www.facebook.com\/itsOWL.Cluster\/","https:\/\/x.com\/itsOWL_Cluster","https:\/\/www.linkedin.com\/company\/itsowl","https:\/\/www.youtube.com\/user\/itsOWLSpitzencluster","https:\/\/www.xing.com\/pages\/itsowlclustermanagementgmbh"]}]}},"_links":{"self":[{"href":"https:\/\/its-owl.de\/en\/wp-json\/wp\/v2\/pages\/4913","targetHints":{"allow":["GET"]}}],"collection":[{"href":"https:\/\/its-owl.de\/en\/wp-json\/wp\/v2\/pages"}],"about":[{"href":"https:\/\/its-owl.de\/en\/wp-json\/wp\/v2\/types\/page"}],"author":[{"embeddable":true,"href":"https:\/\/its-owl.de\/en\/wp-json\/wp\/v2\/users\/2"}],"replies":[{"embeddable":true,"href":"https:\/\/its-owl.de\/en\/wp-json\/wp\/v2\/comments?post=4913"}],"version-history":[{"count":24,"href":"https:\/\/its-owl.de\/en\/wp-json\/wp\/v2\/pages\/4913\/revisions"}],"predecessor-version":[{"id":7109,"href":"https:\/\/its-owl.de\/en\/wp-json\/wp\/v2\/pages\/4913\/revisions\/7109"}],"wp:featuredmedia":[{"embeddable":true,"href":"https:\/\/its-owl.de\/en\/wp-json\/wp\/v2\/media\/2392"}],"wp:attachment":[{"href":"https:\/\/its-owl.de\/en\/wp-json\/wp\/v2\/media?parent=4913"}],"curies":[{"name":"wp","href":"https:\/\/api.w.org\/{rel}","templated":true}]}}