{"id":4996,"date":"2024-07-08T11:47:22","date_gmt":"2024-07-08T09:47:22","guid":{"rendered":"https:\/\/its-owl.de\/?page_id=4996"},"modified":"2024-07-08T11:47:22","modified_gmt":"2024-07-08T09:47:22","slug":"informationspflicht-bewerberinnen","status":"publish","type":"page","link":"https:\/\/its-owl.de\/en\/informationspflicht-bewerberinnen\/","title":{"rendered":"Informationspflicht zur Datenschutz-Grundverordnung (DSGVO) f\u00fcr Bewerber:innen"},"content":{"rendered":"<div class=\"introtext\">\n<p>Vielen Dank f\u00fcr Ihre Bewerbung. Gem\u00e4\u00df Art. 13 und Art. 14 DS-GVO (Datenschutz-Grundverordnung) sind wir verpflichtet, Ihnen bestimmte Informationen zur Erhebung, Verarbeitung und Nutzung Ihrer personenbezogenen Daten zur Verf\u00fcgung zu stellen. F\u00fcr die personenbezogenen Daten, die Sie uns im Rahmen der Bewerbung bereits zur Verf\u00fcgung gestellt haben oder die Sie uns im Rahmen des weiteren Bewerbungsverfahrens zur Verf\u00fcgung stellen sowie f\u00fcr weitere personenbezogene Daten, die wir im Rahmen des Bewerbungsverfahrens erheben, verarbeiten und nutzen, gelten die nachfolgend aufgef\u00fchrten Informationen:<\/p>\n<\/div>\n<p><strong>Verantwortlicher:<\/strong><\/p>\n<p>it\u2019s OWL Clustermanagement GmbH<br \/>\nZukunftsmeile 2 | 33102 Paderborn<br \/>\nTel. 05251 297370 | Fax 05251 2973790<br \/>\n<a href=\"mailto:info@its-owl.de\">info@its-owl.de<\/a><\/p>\n<p>Gesch\u00e4ftsf\u00fchrer: Prof. Dr. Roman Dumitrescu, G\u00fcnter Korder<\/p>\n<p><strong>Datenschutzbeauftragter:<\/strong><\/p>\n<p>bITs GmbH<br \/>\nViktor Pidde (Datenschutzberater \/ Datenschutzbeauftragter)<br \/>\nDetmolder Stra\u00dfe 204<br \/>\n33100 Paderborn<br \/>\nTelefon: +49 5251 688948-0<br \/>\nFax: +49 5251 688948-4<br \/>\nE-Mail: datenschutz@its-owl.de<\/p>\n<h2>Zwecke der Datenverarbeitung personenbezogener Daten sowie die Rechtsgrundlage<\/h2>\n<p>Die Datenverarbeitung erfolgt ausschlie\u00dflich zur Durchf\u00fchrung des Bewerbungsverfahrens. Erhebung, Verarbeitung und Nutzung der Daten erfolgen gem\u00e4\u00df Artikel 88 Abs. 1 DS-GVO in Verbindung mit \u00a7 26 Abs. 1 BDSG.<\/p>\n<p>Sofern wir Sie im Laufe des Bewerbungsverfahrens zu bestimmten Verarbeitungen Ihrer personenbezogenen Daten um die Erteilung einer freiwilligen Einwilligung bitten, so erfolgt die jeweilige Datenverarbeitung auf der Rechtsgrundlage des Art. 6 Abs. 1 lit. a) DS-GVO. Dies kann beispielswiese dann der Fall sein, wenn wir Sie bitten, Ihre Bewerbung \u00fcber das Bewerbungsverfahren hinaus speichern zu d\u00fcrfen, um Sie gegebenenfalls zu einem sp\u00e4teren Zeitpunkt ber\u00fccksichtigen zu k\u00f6nnen oder wenn wir Sie darum bitten oder wenn wir Sie bitten, durchgef\u00fchrte Telefonkonferenzen oder Videokonferenzen durchzuf\u00fchren.<\/p>\n<h2>Kategorien personenbezogener Daten, die verarbeitet werden<\/h2>\n<p>Im Rahmen der Durchf\u00fchrung des Bewerbungsverfahrens werden die folgenden Kategorien personenbezogener Daten verarbeitet:<\/p>\n<ul>\n<li>Kontaktdaten,<\/li>\n<li>Bewerbungsunterlagen wie Anschreiben, Lebenslauf, Arbeitszeugnisse, Zeugnisse des Schul- und Universit\u00e4tsabschlusses,<\/li>\n<li>weitere Daten, die Sie uns im Rahmen des Bewerbungsverfahrens zur Verf\u00fcgung stellen<\/li>\n<li>Eigene Aufzeichnungen, Kommentare, Einsch\u00e4tzungen und Beurteilungen, die wir im Rahmen des Bewerbungsverfahrens erstellen<\/li>\n<\/ul>\n<h2>Empf\u00e4nger Ihrer personenbezogenen Daten<\/h2>\n<p>Ihre Daten werden ausschlie\u00dflich an interne Stellen weitergeleitet, die mit der Bearbeitung Ihrer Bewerbungsunterlagen und der Durchf\u00fchrung des Bewerbungsverfahrens betraut sind. Hierbei handelt es sich um die Personalabteilung sowie die jeweiligen f\u00fcr die betreffende Stelle zust\u00e4ndigen Fachabteilungen. An andere Unternehmen werden Ihre Bewerbungsunterlagen nur dann weitergeleitet, wenn Sie uns zuvor Ihre Einwilligung erteilt haben.<\/p>\n<h2>Dauer der Speicherung<\/h2>\n<p>Wir speichern Ihre Daten nur solange, wie es erforderlich ist, zur Durchf\u00fchrung des Bewerbungsverfahrens sowie zur Erbringung des Nachweises, dass im Bewerbungsverfahren keine Benachteiligung von Bewerbern nach dem Allgemeinen Gleichbehandlungsgesetzes (AGG) vorgelegen hat. Ihre personenbezogenen Daten, die im Rahmen des Bewerbungsverfahrens gespeichert wurden, werden daher 6 Monate nach Abschluss des Bewerbungsverfahrens automatisch gel\u00f6scht.<\/p>\n<h2>Betroffenenrechte \/ Beschwerderecht<\/h2>\n<p>Sie haben gem\u00e4\u00df Art. 15 DS-GVO das Recht, Auskunft \u00fcber Ihre von uns verarbeiteten personenbezogenen Daten zu verlangen. Insbesondere k\u00f6nnen Sie Auskunft \u00fcber die Verarbeitungszwecke, die Kategorie der von Ihnen verarbeiteten personenbezogenen Daten, die Kategorien von Empf\u00e4ngern, gegen\u00fcber denen Ihre Daten offengelegt wurden oder werden, die geplante Speicherdauer, das Bestehen der Rechte auf Berichtigung, L\u00f6schung, Einschr\u00e4nkung der Verarbeitung oder Widerspruch, das Bestehen eines Beschwerderechts bei einer Aufsichtsbeh\u00f6rde, die Herkunft ihrer Daten, sofern diese nicht bei uns erhoben wurden, sowie \u00fcber das Bestehen einer automatisierten Entscheidungsfindung einschlie\u00dflich Profiling und ggf. aussagekr\u00e4ftigen Informationen zu deren Einzelheiten verlangen.<\/p>\n<p>Sie haben gem\u00e4\u00df Art. 16 DS-GVO das Recht, unverz\u00fcglich die Berichtigung unrichtiger oder die Vervollst\u00e4ndigung Ihrer bei uns gespeicherten personenbezogenen Daten zu verlangen.<\/p>\n<p>Sie haben gem\u00e4\u00df Art. 17 DS-GVO das Recht, die L\u00f6schung Ihrer bei uns gespeicherten personenbezogenen Daten zu verlangen, soweit nicht eine Rechtsgrundlage besteht, die uns zur weiteren Speicherung der Daten berechtigt oder verpflichtet.<\/p>\n<p>Sie haben gem\u00e4\u00df Art. 18 DS-GVO das Recht, die Einschr\u00e4nkung der Verarbeitung Ihrer personenbezogenen Daten zu verlangen, wenn<\/p>\n<ul>\n<li>die Richtigkeit der personenbezogenen Daten von Ihnen bestritten wird, und zwar f\u00fcr eine Dauer, die es uns erm\u00f6glicht, die Richtigkeit der personenbezogenen Daten zu \u00fcberpr\u00fcfen,<\/li>\n<li>die Verarbeitung unrechtm\u00e4\u00dfig ist und Sie die L\u00f6schung der personenbezogenen Daten ablehnen und stattdessen die Einschr\u00e4nkung der Nutzung der personenbezogenen Daten verlangen,<\/li>\n<li>wir die personenbezogenen Daten f\u00fcr die Zwecke der Verarbeitung nicht l\u00e4nger ben\u00f6tigen, Sie die Daten jedoch zur Geltendmachung, Aus\u00fcbung oder Verteidigung von Rechtsanspr\u00fcchen ben\u00f6tigen,<\/li>\n<li>Sie Widerspruch gegen die Verarbeitung gem\u00e4\u00df Artikel 21 Abs. 1 DS-GVO eingelegt haben, solange noch nicht feststeht, ob unsere berechtigten Gr\u00fcnde gegen\u00fcber Ihren Gr\u00fcnden \u00fcberwiegen.<\/li>\n<\/ul>\n<p>Sie haben gem\u00e4\u00df Art. 20 DS-GVO das Recht, Ihre personenbezogenen Daten, die Sie uns bereitgestellt haben, in einem strukturierten, g\u00e4ngigen und maschinenlesebaren Format zu erhalten oder die \u00dcbermittlung an einen anderen Verantwortlichen zu verlangen.<\/p>\n<p>Sie haben gem\u00e4\u00df Art. 77 DS-GVO das Recht, sich bei einer Aufsichtsbeh\u00f6rde zu beschweren, wenn Sie der Ansicht sind, dass die Verarbeitung der Sie betreffenden personenbezogenen Daten gegen die DS-GVO verst\u00f6\u00dft<\/p>\n<h2>Recht auf Widerruf der Einwilligungen<\/h2>\n<p>Sie haben gem\u00e4\u00df Art. 7 Abs. 3 DS-GVO das Recht, Ihre einmal erteilte Einwilligung jederzeit gegen\u00fcber uns zu widerrufen. Dies hat zur Folge, dass wir die Datenverarbeitung, die auf dieser Einwilligung beruhte, f\u00fcr die Zukunft nicht mehr fortf\u00fchren d\u00fcrfen. Die Rechtm\u00e4\u00dfigkeit, der aufgrund der Einwilligung bis zum Widerruf erfolgten Verarbeitung wird von dem Widerruf nicht ber\u00fchrt.<\/p>\n<h2>Widerspruchsrecht<\/h2>\n<p>Sofern Ihre personenbezogenen Daten auf Grundlage von berechtigten Interessen gem\u00e4\u00df Art. 6 Abs. 1 S. 1 lit. f DS-GVO verarbeitet werden, haben Sie das Recht, gem\u00e4\u00df Art. 21 DS-GVO Widerspruch gegen die Verarbeitung Ihrer personenbezogenen Daten einzulegen, soweit daf\u00fcr Gr\u00fcnde vorliegen, die sich aus Ihrer besonderen Situation ergeben.<\/p>\n<h2>Quellen, aus denen Ihre personenbezogenen Daten stammen<\/h2>\n<p>Wir erheben im Rahmen des Bewerbungsverfahrens personenbezogenen Daten aus den folgenden Quellen:<\/p>\n<ul>\n<li>Daten, die Sie uns selbst zur Verf\u00fcgung gestellt haben,<\/li>\n<li>Daten, die wir im Rahmen des Bewerbungsverfahrens selbst erstellt haben (eigene Aufzeichnungen)<\/li>\n<li><em>ggf: Daten, die wir \u00f6ffentlichen Quellen entnehmen (z.B. berufliche Internetportale)<\/em><\/li>\n<\/ul>\n<p><strong>Bereitstellung Ihrer personenbezogenen Daten<\/strong><\/p>\n<p>Die Bereitstellung Ihrer personenbezogenen Daten ist zur Durchf\u00fchrung des Bewerbungsverfahrens und zur Entscheidung \u00fcber die Begr\u00fcndung eines Besch\u00e4ftigungsverh\u00e4ltnisses erforderlich. Eine Nichtbereitstellung Ihrer personenbezogenen Daten hat zur Folge, dass wir das Bewerbungsverfahren nicht durchf\u00fchren k\u00f6nnen und Sie bei der Entscheidung \u00fcber die Begr\u00fcndung eines Besch\u00e4ftigungsverh\u00e4ltnisses leider nicht ber\u00fccksichtigen k\u00f6nnen.<\/p>\n<p>&nbsp;<\/p>\n<p>&nbsp;<\/p>\n","protected":false},"excerpt":{"rendered":"<p>Vielen Dank f\u00fcr Ihre Bewerbung. Gem\u00e4\u00df Art. 13 und Art. 14 DS-GVO (Datenschutz-Grundverordnung) sind wir&#8230;<\/p>\n","protected":false},"author":2,"featured_media":0,"parent":0,"menu_order":0,"comment_status":"closed","ping_status":"closed","template":"","meta":{"_acf_changed":false,"footnotes":""},"class_list":["post-4996","page","type-page","status-publish","hentry"],"acf":[],"yoast_head":"<!-- This site is optimized with the Yoast SEO plugin v27.4 - https:\/\/yoast.com\/product\/yoast-seo-wordpress\/ -->\n<title>Informationspflicht zur Datenschutz-Grundverordnung (DSGVO) f\u00fcr Bewerber:innen - it&#039;s OWL<\/title>\n<meta name=\"robots\" content=\"index, follow, max-snippet:-1, max-image-preview:large, max-video-preview:-1\" \/>\n<link rel=\"canonical\" href=\"https:\/\/its-owl.de\/en\/informationspflicht-bewerberinnen\/\" \/>\n<meta property=\"og:locale\" content=\"en_US\" \/>\n<meta property=\"og:type\" content=\"article\" \/>\n<meta property=\"og:title\" content=\"Informationspflicht zur Datenschutz-Grundverordnung (DSGVO) f\u00fcr Bewerber:innen - it&#039;s OWL\" \/>\n<meta property=\"og:description\" content=\"Vielen Dank f\u00fcr Ihre Bewerbung. Gem\u00e4\u00df Art. 13 und Art. 14 DS-GVO (Datenschutz-Grundverordnung) sind wir...\" \/>\n<meta property=\"og:url\" content=\"https:\/\/its-owl.de\/en\/informationspflicht-bewerberinnen\/\" \/>\n<meta property=\"og:site_name\" content=\"it&#039;s OWL\" \/>\n<meta property=\"article:publisher\" content=\"https:\/\/www.facebook.com\/itsOWL.Cluster\/\" \/>\n<meta property=\"og:image\" content=\"https:\/\/its-owl.de\/wp-content\/uploads\/2024\/02\/industrie_zero01.jpg\" \/>\n\t<meta property=\"og:image:width\" content=\"2400\" \/>\n\t<meta property=\"og:image:height\" content=\"1600\" \/>\n\t<meta property=\"og:image:type\" content=\"image\/jpeg\" \/>\n<meta name=\"twitter:card\" content=\"summary_large_image\" \/>\n<meta name=\"twitter:site\" content=\"@itsOWL_Cluster\" \/>\n<meta name=\"twitter:label1\" content=\"Est. reading time\" \/>\n\t<meta name=\"twitter:data1\" content=\"5 minutes\" \/>\n<script type=\"application\/ld+json\" class=\"yoast-schema-graph\">{\"@context\":\"https:\\\/\\\/schema.org\",\"@graph\":[{\"@type\":\"WebPage\",\"@id\":\"https:\\\/\\\/its-owl.de\\\/en\\\/informationspflicht-bewerberinnen\\\/\",\"url\":\"https:\\\/\\\/its-owl.de\\\/en\\\/informationspflicht-bewerberinnen\\\/\",\"name\":\"Informationspflicht zur Datenschutz-Grundverordnung (DSGVO) f\u00fcr Bewerber:innen - it&#039;s OWL\",\"isPartOf\":{\"@id\":\"https:\\\/\\\/its-owl.de\\\/en\\\/#website\"},\"datePublished\":\"2024-07-08T09:47:22+00:00\",\"breadcrumb\":{\"@id\":\"https:\\\/\\\/its-owl.de\\\/en\\\/informationspflicht-bewerberinnen\\\/#breadcrumb\"},\"inLanguage\":\"en-US\",\"potentialAction\":[{\"@type\":\"ReadAction\",\"target\":[\"https:\\\/\\\/its-owl.de\\\/en\\\/informationspflicht-bewerberinnen\\\/\"]}]},{\"@type\":\"BreadcrumbList\",\"@id\":\"https:\\\/\\\/its-owl.de\\\/en\\\/informationspflicht-bewerberinnen\\\/#breadcrumb\",\"itemListElement\":[{\"@type\":\"ListItem\",\"position\":1,\"name\":\"its-owl.de\",\"item\":\"https:\\\/\\\/its-owl.de\\\/en\\\/home\\\/\"},{\"@type\":\"ListItem\",\"position\":2,\"name\":\"Informationspflicht zur Datenschutz-Grundverordnung (DSGVO) f\u00fcr Bewerber:innen\"}]},{\"@type\":\"WebSite\",\"@id\":\"https:\\\/\\\/its-owl.de\\\/en\\\/#website\",\"url\":\"https:\\\/\\\/its-owl.de\\\/en\\\/\",\"name\":\"it's owl\",\"description\":\"Das Kompetenznetzwerk f\u00fcr Industrie.Zero\",\"publisher\":{\"@id\":\"https:\\\/\\\/its-owl.de\\\/en\\\/#organization\"},\"potentialAction\":[{\"@type\":\"SearchAction\",\"target\":{\"@type\":\"EntryPoint\",\"urlTemplate\":\"https:\\\/\\\/its-owl.de\\\/en\\\/?s={search_term_string}\"},\"query-input\":{\"@type\":\"PropertyValueSpecification\",\"valueRequired\":true,\"valueName\":\"search_term_string\"}}],\"inLanguage\":\"en-US\"},{\"@type\":\"Organization\",\"@id\":\"https:\\\/\\\/its-owl.de\\\/en\\\/#organization\",\"name\":\"it's owl\",\"url\":\"https:\\\/\\\/its-owl.de\\\/en\\\/\",\"logo\":{\"@type\":\"ImageObject\",\"inLanguage\":\"en-US\",\"@id\":\"https:\\\/\\\/its-owl.de\\\/en\\\/#\\\/schema\\\/logo\\\/image\\\/\",\"url\":\"https:\\\/\\\/its-owl.de\\\/wp-content\\\/uploads\\\/2024\\\/02\\\/its_owl_logo.svg\",\"contentUrl\":\"https:\\\/\\\/its-owl.de\\\/wp-content\\\/uploads\\\/2024\\\/02\\\/its_owl_logo.svg\",\"width\":1,\"height\":1,\"caption\":\"it's owl\"},\"image\":{\"@id\":\"https:\\\/\\\/its-owl.de\\\/en\\\/#\\\/schema\\\/logo\\\/image\\\/\"},\"sameAs\":[\"https:\\\/\\\/www.facebook.com\\\/itsOWL.Cluster\\\/\",\"https:\\\/\\\/x.com\\\/itsOWL_Cluster\",\"https:\\\/\\\/www.linkedin.com\\\/company\\\/itsowl\",\"https:\\\/\\\/www.youtube.com\\\/user\\\/itsOWLSpitzencluster\",\"https:\\\/\\\/www.xing.com\\\/pages\\\/itsowlclustermanagementgmbh\"]}]}<\/script>\n<!-- \/ Yoast SEO plugin. -->","yoast_head_json":{"title":"Informationspflicht zur Datenschutz-Grundverordnung (DSGVO) f\u00fcr Bewerber:innen - it&#039;s OWL","robots":{"index":"index","follow":"follow","max-snippet":"max-snippet:-1","max-image-preview":"max-image-preview:large","max-video-preview":"max-video-preview:-1"},"canonical":"https:\/\/its-owl.de\/en\/informationspflicht-bewerberinnen\/","og_locale":"en_US","og_type":"article","og_title":"Informationspflicht zur Datenschutz-Grundverordnung (DSGVO) f\u00fcr Bewerber:innen - it&#039;s OWL","og_description":"Vielen Dank f\u00fcr Ihre Bewerbung. Gem\u00e4\u00df Art. 13 und Art. 14 DS-GVO (Datenschutz-Grundverordnung) sind wir...","og_url":"https:\/\/its-owl.de\/en\/informationspflicht-bewerberinnen\/","og_site_name":"it&#039;s OWL","article_publisher":"https:\/\/www.facebook.com\/itsOWL.Cluster\/","og_image":[{"width":2400,"height":1600,"url":"https:\/\/its-owl.de\/wp-content\/uploads\/2024\/02\/industrie_zero01.jpg","type":"image\/jpeg"}],"twitter_card":"summary_large_image","twitter_site":"@itsOWL_Cluster","twitter_misc":{"Est. reading time":"5 minutes"},"schema":{"@context":"https:\/\/schema.org","@graph":[{"@type":"WebPage","@id":"https:\/\/its-owl.de\/en\/informationspflicht-bewerberinnen\/","url":"https:\/\/its-owl.de\/en\/informationspflicht-bewerberinnen\/","name":"Informationspflicht zur Datenschutz-Grundverordnung (DSGVO) f\u00fcr Bewerber:innen - it&#039;s OWL","isPartOf":{"@id":"https:\/\/its-owl.de\/en\/#website"},"datePublished":"2024-07-08T09:47:22+00:00","breadcrumb":{"@id":"https:\/\/its-owl.de\/en\/informationspflicht-bewerberinnen\/#breadcrumb"},"inLanguage":"en-US","potentialAction":[{"@type":"ReadAction","target":["https:\/\/its-owl.de\/en\/informationspflicht-bewerberinnen\/"]}]},{"@type":"BreadcrumbList","@id":"https:\/\/its-owl.de\/en\/informationspflicht-bewerberinnen\/#breadcrumb","itemListElement":[{"@type":"ListItem","position":1,"name":"its-owl.de","item":"https:\/\/its-owl.de\/en\/home\/"},{"@type":"ListItem","position":2,"name":"Informationspflicht zur Datenschutz-Grundverordnung (DSGVO) f\u00fcr Bewerber:innen"}]},{"@type":"WebSite","@id":"https:\/\/its-owl.de\/en\/#website","url":"https:\/\/its-owl.de\/en\/","name":"it's owl","description":"Das Kompetenznetzwerk f\u00fcr Industrie.Zero","publisher":{"@id":"https:\/\/its-owl.de\/en\/#organization"},"potentialAction":[{"@type":"SearchAction","target":{"@type":"EntryPoint","urlTemplate":"https:\/\/its-owl.de\/en\/?s={search_term_string}"},"query-input":{"@type":"PropertyValueSpecification","valueRequired":true,"valueName":"search_term_string"}}],"inLanguage":"en-US"},{"@type":"Organization","@id":"https:\/\/its-owl.de\/en\/#organization","name":"it's owl","url":"https:\/\/its-owl.de\/en\/","logo":{"@type":"ImageObject","inLanguage":"en-US","@id":"https:\/\/its-owl.de\/en\/#\/schema\/logo\/image\/","url":"https:\/\/its-owl.de\/wp-content\/uploads\/2024\/02\/its_owl_logo.svg","contentUrl":"https:\/\/its-owl.de\/wp-content\/uploads\/2024\/02\/its_owl_logo.svg","width":1,"height":1,"caption":"it's owl"},"image":{"@id":"https:\/\/its-owl.de\/en\/#\/schema\/logo\/image\/"},"sameAs":["https:\/\/www.facebook.com\/itsOWL.Cluster\/","https:\/\/x.com\/itsOWL_Cluster","https:\/\/www.linkedin.com\/company\/itsowl","https:\/\/www.youtube.com\/user\/itsOWLSpitzencluster","https:\/\/www.xing.com\/pages\/itsowlclustermanagementgmbh"]}]}},"_links":{"self":[{"href":"https:\/\/its-owl.de\/en\/wp-json\/wp\/v2\/pages\/4996","targetHints":{"allow":["GET"]}}],"collection":[{"href":"https:\/\/its-owl.de\/en\/wp-json\/wp\/v2\/pages"}],"about":[{"href":"https:\/\/its-owl.de\/en\/wp-json\/wp\/v2\/types\/page"}],"author":[{"embeddable":true,"href":"https:\/\/its-owl.de\/en\/wp-json\/wp\/v2\/users\/2"}],"replies":[{"embeddable":true,"href":"https:\/\/its-owl.de\/en\/wp-json\/wp\/v2\/comments?post=4996"}],"version-history":[{"count":3,"href":"https:\/\/its-owl.de\/en\/wp-json\/wp\/v2\/pages\/4996\/revisions"}],"predecessor-version":[{"id":4999,"href":"https:\/\/its-owl.de\/en\/wp-json\/wp\/v2\/pages\/4996\/revisions\/4999"}],"wp:attachment":[{"href":"https:\/\/its-owl.de\/en\/wp-json\/wp\/v2\/media?parent=4996"}],"curies":[{"name":"wp","href":"https:\/\/api.w.org\/{rel}","templated":true}]}}