{"id":5026,"date":"2024-02-23T16:52:13","date_gmt":"2024-02-23T15:52:13","guid":{"rendered":"https:\/\/its-owl.de\/newsletter-registration\/"},"modified":"2024-07-08T15:30:26","modified_gmt":"2024-07-08T13:30:26","slug":"newsletter-registration","status":"publish","type":"page","link":"https:\/\/its-owl.de\/en\/newsletter-registration\/","title":{"rendered":"Newsletter registration"},"content":{"rendered":"<h1>Newsletter: Always up to date<\/h1>\n<div class=\"introtext\">\n<p>Stay up to date and let us keep you informed about innovations from OstWestfalenLippe once a month. Receive the most important updates from our projects and get the latest event tips and offers straight to your e-mail inbox.<\/p>\n<\/div>\n<h2>Registration<\/h2>\n<script>(function() {\n\twindow.mc4wp = window.mc4wp || {\n\t\tlisteners: [],\n\t\tforms: {\n\t\t\ton: function(evt, cb) {\n\t\t\t\twindow.mc4wp.listeners.push(\n\t\t\t\t\t{\n\t\t\t\t\t\tevent   : evt,\n\t\t\t\t\t\tcallback: cb\n\t\t\t\t\t}\n\t\t\t\t);\n\t\t\t}\n\t\t}\n\t}\n})();\n<\/script><!-- Mailchimp for WordPress v4.10.9 - https:\/\/wordpress.org\/plugins\/mailchimp-for-wp\/ --><form id=\"mc4wp-form-1\" class=\"mc4wp-form mc4wp-form-638\" method=\"post\" data-id=\"638\" data-name=\"\" ><div class=\"mc4wp-form-fields\"><div class=\"row\">\r\n   <div class=\"col-12 col-md-3\">\r\n      <p>\r\n         <label>Anrede<\/label>\r\n         <span class=\"select-wrap\">\r\n            <select name=\"ANREDE\">\r\n               <option value=\"\" selected=\"true\"><\/option>\r\n               <option value=\"Herr\">Herr<\/option>\r\n               <option value=\"Frau\">Frau<\/option>\r\n            <\/select>\r\n         <\/span>\r\n      <\/p>\r\n   <\/div>\r\n   <div class=\"col-12 col-md-3\">\r\n      <p>\r\n         <label>Vorname*<\/label>\r\n         <input type=\"text\" name=\"FNAME\">\r\n      <\/p>\r\n   <\/div>\r\n   <div class=\"col-12 col-md-6\">\r\n      <p>\r\n         <label>Nachname*<\/label>\r\n         <input type=\"text\" name=\"LNAME\">\r\n      <\/p>\r\n   <\/div>\r\n   <div class=\"col-12 col-md-6\">\r\n      <p>\r\n         <label>E-Mail*<\/label>\r\n         <input type=\"email\" name=\"EMAIL\" required=\"\">\r\n      <\/p>\r\n   <\/div>\r\n   <div class=\"col-12 col-md-6\">\r\n      <p>\r\n         <label>Unternehmen*<\/label>\r\n         <input type=\"text\" name=\"MMERGE5\">\r\n      <\/p>\r\n   <\/div>\r\n<\/div>\r\n\r\n<p class=\"smalltext\">\r\n   Ihre E-Mailadresse wird nur verwendet, um Ihnen unseren Newsletter und Informationen \u00fcber die Aktivit\u00e4ten des Spitzencluster Intelligente Technische Systeme OstWestfalenLippe zuzusenden. Sie k\u00f6nnen jederzeit den im Newsletter enthaltenen Abmeldelink verwenden.\r\n<\/p>\r\n\r\n<p>\r\n   <label class=\"styled-checkbox\">\r\n      <input type=\"checkbox\" name=\"AGREE_TO_TERMS\" value=\"1\" required=\"\">\r\n      <span>*Ich habe die <a href=\"\/datenschutz\" target=\"_blank\">Datenschutz&shy;erkl\u00e4rung<\/a> gelesen und stimme ihr zu.<\/span>\r\n   <\/label>\r\n<\/p>\r\n\r\n<p>\r\n   <input type=\"submit\" value=\"Anmeldung absenden\" \/>\r\n<\/p>\r\n\r\n<\/div><label style=\"display: none !important;\">Leave this field empty if you're human: <input type=\"text\" name=\"_mc4wp_honeypot\" value=\"\" tabindex=\"-1\" autocomplete=\"off\" \/><\/label><input type=\"hidden\" name=\"_mc4wp_timestamp\" value=\"1777026709\" \/><input type=\"hidden\" name=\"_mc4wp_form_id\" value=\"638\" \/><input type=\"hidden\" name=\"_mc4wp_form_element_id\" value=\"mc4wp-form-1\" \/><div class=\"mc4wp-response\"><\/div><\/form><!-- \/ Mailchimp for WordPress Plugin -->\n","protected":false},"excerpt":{"rendered":"<p>Newsletter: Always up to date Stay up to date and let us keep you informed&#8230;<\/p>\n","protected":false},"author":1,"featured_media":0,"parent":0,"menu_order":11,"comment_status":"closed","ping_status":"closed","template":"","meta":{"_acf_changed":false,"footnotes":""},"class_list":["post-5026","page","type-page","status-publish","hentry"],"acf":[],"yoast_head":"<!-- This site is optimized with the Yoast SEO plugin v27.4 - https:\/\/yoast.com\/product\/yoast-seo-wordpress\/ -->\n<title>Newsletter registration - it&#039;s OWL<\/title>\n<meta name=\"robots\" content=\"index, follow, max-snippet:-1, max-image-preview:large, max-video-preview:-1\" \/>\n<link rel=\"canonical\" href=\"https:\/\/its-owl.de\/en\/newsletter-registration\/\" \/>\n<meta property=\"og:locale\" content=\"en_US\" \/>\n<meta property=\"og:type\" content=\"article\" \/>\n<meta property=\"og:title\" content=\"Newsletter registration - it&#039;s OWL\" \/>\n<meta property=\"og:description\" content=\"Newsletter: Always up to date Stay up to date and let us keep you informed...\" \/>\n<meta property=\"og:url\" content=\"https:\/\/its-owl.de\/en\/newsletter-registration\/\" \/>\n<meta property=\"og:site_name\" content=\"it&#039;s OWL\" \/>\n<meta property=\"article:publisher\" content=\"https:\/\/www.facebook.com\/itsOWL.Cluster\/\" \/>\n<meta property=\"article:modified_time\" content=\"2024-07-08T13:30:26+00:00\" \/>\n<meta property=\"og:image\" content=\"https:\/\/its-owl.de\/wp-content\/uploads\/2024\/02\/industrie_zero01.jpg\" \/>\n\t<meta property=\"og:image:width\" content=\"2400\" \/>\n\t<meta property=\"og:image:height\" content=\"1600\" \/>\n\t<meta property=\"og:image:type\" content=\"image\/jpeg\" \/>\n<meta name=\"twitter:card\" content=\"summary_large_image\" \/>\n<meta name=\"twitter:site\" content=\"@itsOWL_Cluster\" \/>\n<script type=\"application\/ld+json\" class=\"yoast-schema-graph\">{\"@context\":\"https:\\\/\\\/schema.org\",\"@graph\":[{\"@type\":\"WebPage\",\"@id\":\"https:\\\/\\\/its-owl.de\\\/en\\\/newsletter-registration\\\/\",\"url\":\"https:\\\/\\\/its-owl.de\\\/en\\\/newsletter-registration\\\/\",\"name\":\"Newsletter registration - it&#039;s OWL\",\"isPartOf\":{\"@id\":\"https:\\\/\\\/its-owl.de\\\/en\\\/#website\"},\"datePublished\":\"2024-02-23T15:52:13+00:00\",\"dateModified\":\"2024-07-08T13:30:26+00:00\",\"breadcrumb\":{\"@id\":\"https:\\\/\\\/its-owl.de\\\/en\\\/newsletter-registration\\\/#breadcrumb\"},\"inLanguage\":\"en-US\",\"potentialAction\":[{\"@type\":\"ReadAction\",\"target\":[\"https:\\\/\\\/its-owl.de\\\/en\\\/newsletter-registration\\\/\"]}]},{\"@type\":\"BreadcrumbList\",\"@id\":\"https:\\\/\\\/its-owl.de\\\/en\\\/newsletter-registration\\\/#breadcrumb\",\"itemListElement\":[{\"@type\":\"ListItem\",\"position\":1,\"name\":\"its-owl.de\",\"item\":\"https:\\\/\\\/its-owl.de\\\/en\\\/home\\\/\"},{\"@type\":\"ListItem\",\"position\":2,\"name\":\"Newsletter registration\"}]},{\"@type\":\"WebSite\",\"@id\":\"https:\\\/\\\/its-owl.de\\\/en\\\/#website\",\"url\":\"https:\\\/\\\/its-owl.de\\\/en\\\/\",\"name\":\"it's owl\",\"description\":\"Das Kompetenznetzwerk f\u00fcr Industrie.Zero\",\"publisher\":{\"@id\":\"https:\\\/\\\/its-owl.de\\\/en\\\/#organization\"},\"potentialAction\":[{\"@type\":\"SearchAction\",\"target\":{\"@type\":\"EntryPoint\",\"urlTemplate\":\"https:\\\/\\\/its-owl.de\\\/en\\\/?s={search_term_string}\"},\"query-input\":{\"@type\":\"PropertyValueSpecification\",\"valueRequired\":true,\"valueName\":\"search_term_string\"}}],\"inLanguage\":\"en-US\"},{\"@type\":\"Organization\",\"@id\":\"https:\\\/\\\/its-owl.de\\\/en\\\/#organization\",\"name\":\"it's owl\",\"url\":\"https:\\\/\\\/its-owl.de\\\/en\\\/\",\"logo\":{\"@type\":\"ImageObject\",\"inLanguage\":\"en-US\",\"@id\":\"https:\\\/\\\/its-owl.de\\\/en\\\/#\\\/schema\\\/logo\\\/image\\\/\",\"url\":\"https:\\\/\\\/its-owl.de\\\/wp-content\\\/uploads\\\/2024\\\/02\\\/its_owl_logo.svg\",\"contentUrl\":\"https:\\\/\\\/its-owl.de\\\/wp-content\\\/uploads\\\/2024\\\/02\\\/its_owl_logo.svg\",\"width\":1,\"height\":1,\"caption\":\"it's owl\"},\"image\":{\"@id\":\"https:\\\/\\\/its-owl.de\\\/en\\\/#\\\/schema\\\/logo\\\/image\\\/\"},\"sameAs\":[\"https:\\\/\\\/www.facebook.com\\\/itsOWL.Cluster\\\/\",\"https:\\\/\\\/x.com\\\/itsOWL_Cluster\",\"https:\\\/\\\/www.linkedin.com\\\/company\\\/itsowl\",\"https:\\\/\\\/www.youtube.com\\\/user\\\/itsOWLSpitzencluster\",\"https:\\\/\\\/www.xing.com\\\/pages\\\/itsowlclustermanagementgmbh\"]}]}<\/script>\n<!-- \/ Yoast SEO plugin. -->","yoast_head_json":{"title":"Newsletter registration - it&#039;s OWL","robots":{"index":"index","follow":"follow","max-snippet":"max-snippet:-1","max-image-preview":"max-image-preview:large","max-video-preview":"max-video-preview:-1"},"canonical":"https:\/\/its-owl.de\/en\/newsletter-registration\/","og_locale":"en_US","og_type":"article","og_title":"Newsletter registration - it&#039;s OWL","og_description":"Newsletter: Always up to date Stay up to date and let us keep you informed...","og_url":"https:\/\/its-owl.de\/en\/newsletter-registration\/","og_site_name":"it&#039;s OWL","article_publisher":"https:\/\/www.facebook.com\/itsOWL.Cluster\/","article_modified_time":"2024-07-08T13:30:26+00:00","og_image":[{"width":2400,"height":1600,"url":"https:\/\/its-owl.de\/wp-content\/uploads\/2024\/02\/industrie_zero01.jpg","type":"image\/jpeg"}],"twitter_card":"summary_large_image","twitter_site":"@itsOWL_Cluster","schema":{"@context":"https:\/\/schema.org","@graph":[{"@type":"WebPage","@id":"https:\/\/its-owl.de\/en\/newsletter-registration\/","url":"https:\/\/its-owl.de\/en\/newsletter-registration\/","name":"Newsletter registration - it&#039;s OWL","isPartOf":{"@id":"https:\/\/its-owl.de\/en\/#website"},"datePublished":"2024-02-23T15:52:13+00:00","dateModified":"2024-07-08T13:30:26+00:00","breadcrumb":{"@id":"https:\/\/its-owl.de\/en\/newsletter-registration\/#breadcrumb"},"inLanguage":"en-US","potentialAction":[{"@type":"ReadAction","target":["https:\/\/its-owl.de\/en\/newsletter-registration\/"]}]},{"@type":"BreadcrumbList","@id":"https:\/\/its-owl.de\/en\/newsletter-registration\/#breadcrumb","itemListElement":[{"@type":"ListItem","position":1,"name":"its-owl.de","item":"https:\/\/its-owl.de\/en\/home\/"},{"@type":"ListItem","position":2,"name":"Newsletter registration"}]},{"@type":"WebSite","@id":"https:\/\/its-owl.de\/en\/#website","url":"https:\/\/its-owl.de\/en\/","name":"it's owl","description":"Das Kompetenznetzwerk f\u00fcr Industrie.Zero","publisher":{"@id":"https:\/\/its-owl.de\/en\/#organization"},"potentialAction":[{"@type":"SearchAction","target":{"@type":"EntryPoint","urlTemplate":"https:\/\/its-owl.de\/en\/?s={search_term_string}"},"query-input":{"@type":"PropertyValueSpecification","valueRequired":true,"valueName":"search_term_string"}}],"inLanguage":"en-US"},{"@type":"Organization","@id":"https:\/\/its-owl.de\/en\/#organization","name":"it's owl","url":"https:\/\/its-owl.de\/en\/","logo":{"@type":"ImageObject","inLanguage":"en-US","@id":"https:\/\/its-owl.de\/en\/#\/schema\/logo\/image\/","url":"https:\/\/its-owl.de\/wp-content\/uploads\/2024\/02\/its_owl_logo.svg","contentUrl":"https:\/\/its-owl.de\/wp-content\/uploads\/2024\/02\/its_owl_logo.svg","width":1,"height":1,"caption":"it's owl"},"image":{"@id":"https:\/\/its-owl.de\/en\/#\/schema\/logo\/image\/"},"sameAs":["https:\/\/www.facebook.com\/itsOWL.Cluster\/","https:\/\/x.com\/itsOWL_Cluster","https:\/\/www.linkedin.com\/company\/itsowl","https:\/\/www.youtube.com\/user\/itsOWLSpitzencluster","https:\/\/www.xing.com\/pages\/itsowlclustermanagementgmbh"]}]}},"_links":{"self":[{"href":"https:\/\/its-owl.de\/en\/wp-json\/wp\/v2\/pages\/5026","targetHints":{"allow":["GET"]}}],"collection":[{"href":"https:\/\/its-owl.de\/en\/wp-json\/wp\/v2\/pages"}],"about":[{"href":"https:\/\/its-owl.de\/en\/wp-json\/wp\/v2\/types\/page"}],"author":[{"embeddable":true,"href":"https:\/\/its-owl.de\/en\/wp-json\/wp\/v2\/users\/1"}],"replies":[{"embeddable":true,"href":"https:\/\/its-owl.de\/en\/wp-json\/wp\/v2\/comments?post=5026"}],"version-history":[{"count":1,"href":"https:\/\/its-owl.de\/en\/wp-json\/wp\/v2\/pages\/5026\/revisions"}],"predecessor-version":[{"id":5027,"href":"https:\/\/its-owl.de\/en\/wp-json\/wp\/v2\/pages\/5026\/revisions\/5027"}],"wp:attachment":[{"href":"https:\/\/its-owl.de\/en\/wp-json\/wp\/v2\/media?parent=5026"}],"curies":[{"name":"wp","href":"https:\/\/api.w.org\/{rel}","templated":true}]}}